{"id":1008,"date":"2024-06-14T16:22:24","date_gmt":"2024-06-14T14:22:24","guid":{"rendered":"https:\/\/www.natation.asp86.fr\/?page_id=1008"},"modified":"2025-06-26T19:12:09","modified_gmt":"2025-06-26T17:12:09","slug":"reinscription-adherents-2024-2025","status":"publish","type":"page","link":"https:\/\/www.natation.asp86.fr\/index.php\/inscription\/reinscription-adherents-2024-2025\/","title":{"rendered":"R\u00e9inscriptions adh\u00e9rents 2024\/2025"},"content":{"rendered":"\t\t<div data-elementor-type=\"wp-page\" data-elementor-id=\"1008\" class=\"elementor elementor-1008\">\n\t\t\t\t<div class=\"elementor-element elementor-element-1ee0c2f0 e-flex e-con-boxed e-con e-parent\" data-id=\"1ee0c2f0\" data-element_type=\"container\" data-e-type=\"container\">\n\t\t\t\t\t<div class=\"e-con-inner\">\n\t\t\t\t<div class=\"elementor-element elementor-element-557cb8f4 elementor-widget elementor-widget-text-editor\" data-id=\"557cb8f4\" data-element_type=\"widget\" data-e-type=\"widget\" data-widget_type=\"text-editor.default\">\n\t\t\t\t<div class=\"elementor-widget-container\">\n\t\t\t\t\t\t\t\t\t<p><\/p>\n<p><\/p>\n<h2 class=\"wp-block-heading has-text-align-center has-x-large-font-size\">R\u00c9INSCRIPTIONS ADH\u00c9RENTS 2024\/2025<\/h2>\n<p><\/p>\n<h2 class=\"wp-block-heading has-text-align-center\">Ouverture des r\u00e9inscriptions le lundi 23 juin 2025<\/h2>\n<p><\/p>\n<p>Vous trouverez en lien ci-dessous l\u2019ensemble du tutoriel explicatif pour proc\u00e9der \u00e0 votre r\u00e9inscription ou \u00e0 celle d\u2019un ou de plusieurs membres de votre famille, merci d\u2019en prendre connaissance avant de cliquer sur \u201cJe m\u2019inscris\u201d.<\/p>\n<p><\/p>\n<p class=\"has-text-align-center has-medium-font-size\"><a href=\"http:\/\/www.natation.asp86.fr\/wp-content\/uploads\/2025\/06\/tuto_swim_community-reinscriptions.pdf\" target=\"_blank\" rel=\"noreferrer noopener\">Tutoriel r\u00e9inscriptions en ligne 2025<\/a><\/p>\n<p><\/p>\n<p>Une fois le tutoriel ouvert et lu vous pouvez cliquer ci-dessous et commencer l\u2019inscription avec votre adresse mail utilis\u00e9e pour votre inscription la saison derni\u00e8re !<\/p>\n<p><\/p>\n<p class=\"wp-elements-8c66281c34cd0198ce7ea7b54eacf2c5\"><\/p>\n<p>Merci de bien vouloir prendre le temps de\u00a0<strong><u>lire l\u2019ensemble du bulletin d\u2019adh\u00e9sion<\/u><\/strong>\u00a0et d\u2019y cocher les cases n\u00e9cessaires \u00e0 votre inscription ou \u00e0 celle de votre enfant avant de le signer.<\/p>\n<h4 style=\"text-align: center;\"><span style=\"text-decoration: underline;\"><strong>Cliquez ci-dessous pour vous r\u00e9inscrire\u00a0 !!!<\/strong><\/span><\/h4>\n<div><span style=\"text-decoration: underline;\"><strong>\u00a0<\/strong><\/span><\/div>\n<p><\/p>\n<figure class=\"wp-block-image aligncenter is-resized\"><a href=\"https:\/\/asp86natation.swim-community.fr\/Pages\/Login.aspx\" target=\"_blank\" rel=\"noreferrer noopener\"><img decoding=\"async\" class=\"wp-image-3600\" style=\"width: 315px;\" src=\"https:\/\/poitiers-natation.asptt.com\/files\/2018\/06\/sign_up_button3-621x138.png\" alt=\"\" \/><\/a><\/figure>\n<p><\/p>\n<p><\/p>\n<p><em>Apr\u00e8s avoir cliqu\u00e9 sur le bouton \u00ab\u00a0Je m&rsquo;inscris\u00a0\u00bb, ne pas tenir compte du message d&rsquo;information (\u00ab\u00a0Les nouvelles inscriptions seront ouvertes \u00e0 partir du 07\/07\/2025.\u00a0\u00bb) sur la page Swim Community, il ne concerne que les futurs adh\u00e9rents qui ne peuvent pas encore avoir acc\u00e8s aux inscriptions \u00e0 la diff\u00e9rence de nos adh\u00e9rents de la saison 2024 \/ 2025.<\/em><\/p>\n<p>\u00a0<\/p>\n<p><\/p>\t\t\t\t\t\t\t\t<\/div>\n\t\t\t\t<\/div>\n\t\t\t\t\t<\/div>\n\t\t\t\t<\/div>\n\t\t<div class=\"elementor-element elementor-element-46c7c0d e-flex e-con-boxed e-con e-parent\" data-id=\"46c7c0d\" data-element_type=\"container\" data-e-type=\"container\">\n\t\t\t\t\t<div class=\"e-con-inner\">\n\t\t\t\t<div class=\"elementor-element elementor-element-f90a96c elementor-widget elementor-widget-text-editor\" data-id=\"f90a96c\" data-element_type=\"widget\" data-e-type=\"widget\" data-widget_type=\"text-editor.default\">\n\t\t\t\t<div class=\"elementor-widget-container\">\n\t\t\t\t\t\t\t\t\t<h4 class=\"has-text-color has-link-color\" style=\"color: #f81212; text-align: center;\"><strong>\u00a0<\/strong><\/h4>\n<h4 class=\"has-text-color has-link-color\" style=\"color: #f81212; text-align: center;\"><strong>\u00a0<\/strong><\/h4>\n<h4 class=\"has-text-color has-link-color\" style=\"color: #f81212; text-align: center;\"><strong>PASS&rsquo;SPORT<\/strong>:<\/h4>\n<p class=\"has-text-color has-link-color\" style=\"color: #f81212; text-align: center;\">Attention changement de fonctionnement pour la rentr\u00e9e 2025 !<\/p>\n<p>Vous trouverez ci-dessous les conditions d&rsquo;acc\u00e8s pour la rentr\u00e9e 2025.<\/p>\n<p>Pour \u00eatre \u00e0 la fois plus cibl\u00e9 \u00e0 l\u2019\u00e2ge o\u00f9 la pratique sportive des jeunes d\u00e9croche, autour de 14 ans, et plus incitatif, le Pass\u2019Sport \u00e9volue en 2025. Il sera ouvert aux :<\/p>\n<ul>\n<li>Jeunes de 14 \u00e0 17 ans r\u00e9volus b\u00e9n\u00e9ficiant de l\u2019allocation de rentr\u00e9e scolaire (ARS)\u00a0;<\/li>\n<li>Jeunes en situation de handicap jusqu\u2019\u00e0 30 ans (6 \u00e0 19 ans AEEH, 16 \u00e0 30 ans AAH)\u00a0;<\/li>\n<li>Etudiants boursiers et b\u00e9n\u00e9ficiaires d\u2019une aide annuelle du CROUS de moins de 28 ans.<\/li>\n<\/ul>\n<p>Pour augmenter l\u2019effet incitatif de cette aide, son montant passe de 50 \u00e0 70 euros.<\/p>\n<p>Ci-dessous le lien d&rsquo;acc\u00e8s au site de l&rsquo;Etat :<\/p>\n<p><a href=\"https:\/\/www.sports.gouv.fr\/le-pass-sport-reconduit-pour-la-saison-2025-2026-9862\" target=\"_blank\" rel=\"noopener\">https:\/\/www.sports.gouv.fr\/le-pass-sport-reconduit-pour-la-saison-2025-2026-9862<\/a><\/p>\t\t\t\t\t\t\t\t<\/div>\n\t\t\t\t<\/div>\n\t\t\t\t\t<\/div>\n\t\t\t\t<\/div>\n\t\t\t\t<\/div>\n\t\t","protected":false},"excerpt":{"rendered":"<p>R\u00c9INSCRIPTIONS ADH\u00c9RENTS 2024\/2025 Ouverture des r\u00e9inscriptions le lundi 23 juin 2025 Vous trouverez en lien ci-dessous l\u2019ensemble du tutoriel explicatif [&hellip;]<\/p>\n","protected":false},"author":1,"featured_media":0,"parent":84,"menu_order":1,"comment_status":"closed","ping_status":"closed","template":"","meta":{"site-sidebar-layout":"default","site-content-layout":"","ast-site-content-layout":"","site-content-style":"default","site-sidebar-style":"default","ast-global-header-display":"","ast-banner-title-visibility":"","ast-main-header-display":"","ast-hfb-above-header-display":"","ast-hfb-below-header-display":"","ast-hfb-mobile-header-display":"","site-post-title":"disabled","ast-breadcrumbs-content":"","ast-featured-img":"","footer-sml-layout":"","theme-transparent-header-meta":"","adv-header-id-meta":"","stick-header-meta":"","header-above-stick-meta":"","header-main-stick-meta":"","header-below-stick-meta":"","astra-migrate-meta-layouts":"default","ast-page-background-enabled":"default","ast-page-background-meta":{"desktop":{"background-color":"var(--ast-global-color-4)","background-image":"","background-repeat":"repeat","background-position":"center center","background-size":"auto","background-attachment":"scroll","background-type":"","background-media":"","overlay-type":"","overlay-color":"","overlay-gradient":""},"tablet":{"background-color":"","background-image":"","background-repeat":"repeat","background-position":"center center","background-size":"auto","background-attachment":"scroll","background-type":"","background-media":"","overlay-type":"","overlay-color":"","overlay-gradient":""},"mobile":{"background-color":"","background-image":"","background-repeat":"repeat","background-position":"center center","background-size":"auto","background-attachment":"scroll","background-type":"","background-media":"","overlay-type":"","overlay-color":"","overlay-gradient":""}},"ast-content-background-meta":{"desktop":{"background-color":"var(--ast-global-color-5)","background-image":"","background-repeat":"repeat","background-position":"center center","background-size":"auto","background-attachment":"scroll","background-type":"","background-media":"","overlay-type":"","overlay-color":"","overlay-gradient":""},"tablet":{"background-color":"var(--ast-global-color-5)","background-image":"","background-repeat":"repeat","background-position":"center center","background-size":"auto","background-attachment":"scroll","background-type":"","background-media":"","overlay-type":"","overlay-color":"","overlay-gradient":""},"mobile":{"background-color":"var(--ast-global-color-5)","background-image":"","background-repeat":"repeat","background-position":"center center","background-size":"auto","background-attachment":"scroll","background-type":"","background-media":"","overlay-type":"","overlay-color":"","overlay-gradient":""}},"footnotes":""},"class_list":["post-1008","page","type-page","status-publish","hentry"],"_links":{"self":[{"href":"https:\/\/www.natation.asp86.fr\/index.php\/wp-json\/wp\/v2\/pages\/1008","targetHints":{"allow":["GET"]}}],"collection":[{"href":"https:\/\/www.natation.asp86.fr\/index.php\/wp-json\/wp\/v2\/pages"}],"about":[{"href":"https:\/\/www.natation.asp86.fr\/index.php\/wp-json\/wp\/v2\/types\/page"}],"author":[{"embeddable":true,"href":"https:\/\/www.natation.asp86.fr\/index.php\/wp-json\/wp\/v2\/users\/1"}],"replies":[{"embeddable":true,"href":"https:\/\/www.natation.asp86.fr\/index.php\/wp-json\/wp\/v2\/comments?post=1008"}],"version-history":[{"count":44,"href":"https:\/\/www.natation.asp86.fr\/index.php\/wp-json\/wp\/v2\/pages\/1008\/revisions"}],"predecessor-version":[{"id":1882,"href":"https:\/\/www.natation.asp86.fr\/index.php\/wp-json\/wp\/v2\/pages\/1008\/revisions\/1882"}],"up":[{"embeddable":true,"href":"https:\/\/www.natation.asp86.fr\/index.php\/wp-json\/wp\/v2\/pages\/84"}],"wp:attachment":[{"href":"https:\/\/www.natation.asp86.fr\/index.php\/wp-json\/wp\/v2\/media?parent=1008"}],"curies":[{"name":"wp","href":"https:\/\/api.w.org\/{rel}","templated":true}]}}