{"id":129,"date":"2024-04-17T17:07:58","date_gmt":"2024-04-17T15:07:58","guid":{"rendered":"https:\/\/www.natation.asp86.fr\/?page_id=129"},"modified":"2025-06-19T17:44:04","modified_gmt":"2025-06-19T15:44:04","slug":"ecole-de-natation","status":"publish","type":"page","link":"https:\/\/www.natation.asp86.fr\/index.php\/activites-loisirs\/ecole-de-natation\/","title":{"rendered":"L&rsquo;\u00e9cole de natation"},"content":{"rendered":"\n<figure class=\"wp-block-image aligncenter size-full is-resized\"><img fetchpriority=\"high\" decoding=\"async\" width=\"2560\" height=\"1920\" src=\"http:\/\/www.natation.asp86.fr\/wp-content\/uploads\/2024\/06\/P2-scaled.jpg\" alt=\"\" class=\"wp-image-1082\" style=\"width:325px;height:auto\" srcset=\"https:\/\/www.natation.asp86.fr\/wp-content\/uploads\/2024\/06\/P2-scaled.jpg 2560w, https:\/\/www.natation.asp86.fr\/wp-content\/uploads\/2024\/06\/P2-300x225.jpg 300w, https:\/\/www.natation.asp86.fr\/wp-content\/uploads\/2024\/06\/P2-1024x768.jpg 1024w, https:\/\/www.natation.asp86.fr\/wp-content\/uploads\/2024\/06\/P2-768x576.jpg 768w, https:\/\/www.natation.asp86.fr\/wp-content\/uploads\/2024\/06\/P2-1536x1152.jpg 1536w, https:\/\/www.natation.asp86.fr\/wp-content\/uploads\/2024\/06\/P2-2048x1536.jpg 2048w\" sizes=\"(max-width: 2560px) 100vw, 2560px\" \/><\/figure>\n\n\n\n<h4 class=\"wp-block-heading has-text-color has-link-color has-medium-font-size wp-elements-96b491c91647c2e538dd47714d217d9e\" style=\"color:#55c3e5\"><strong>D\u00e9butants&nbsp;<\/strong><\/h4>\n\n\n\n<p>Groupe d\u2019apprentissage pour les enfants de 7 \u00e0 10 ans. Pour int\u00e9grer ces groupes, les enfants doivent imp\u00e9rativement \u00eatre capable de se d\u00e9placer sur 25 m\u00e8tres sans mat\u00e9riel. L\u2019essentiel des s\u00e9ances se fait en grande profondeur. L\u2019enfant va acqu\u00e9rir les bases fondamentales de la natation (Respiration, \u00c9quilibre, Propulsion) puis apprendre les techniques de nages.<\/p>\n\n\n\n<p>2 groupes de niveau&nbsp;:<\/p>\n\n\n\n<ul class=\"wp-block-list\">\n<li>D\u00e9butants 1 : 7-9 ans<\/li>\n\n\n\n<li>D\u00e9butants 2&nbsp;: 8-10 ans<\/li>\n<\/ul>\n\n\n\n<p><em>S\u00e9ance&nbsp;: 45\u2019 avec 1 ou 2 cours par semaine (\u00e0 d\u00e9finir lors de l\u2019inscription).<\/em><\/p>\n\n\n\n<p class=\"has-text-color has-link-color has-medium-font-size wp-elements-a8502b95e38a99f706a2827105bdc9b6\" style=\"color:#55c3e5\"><strong><br>Perfectionnement<\/strong><\/p>\n\n\n\n<p>Groupe d\u2019apprentissage et de perfectionnement pour enfant ma\u00eetrisant 1 \u00e0 2 nages. L&rsquo;objectif de ces cours est d&rsquo;atteindre une autonomie aquatique compl\u00e8te, d\u2019approfondir les techniques de crawl, de dos et de brasse. C\u2019est une activit\u00e9 loisir de perfectionnement.<\/p>\n\n\n\n<p>4 groupes de niveau :<\/p>\n\n\n\n<ul class=\"wp-block-list\">\n<li>Perf 1 : 9-12 ans<\/li>\n\n\n\n<li>Perf 2&nbsp;: 11-14 ans<\/li>\n\n\n\n<li>Perf 3 : 13-18 ans<\/li>\n\n\n\n<li>Perf 4 : 13-18 ans<\/li>\n<\/ul>\n\n\n\n<p><em>S\u00e9ance : 1h avec 1 ou 2 cours par semaine (\u00e0 d\u00e9finir lors de l\u2019inscription).<\/em><\/p>\n\n\n\n<p class=\"has-text-color has-link-color has-medium-font-size wp-elements-1b83dd09e8fba39085571c8ca2c767cc\" style=\"color:#55c3e5\"><strong><br>Tarifs :<\/strong><\/p>\n\n\n\n<ul class=\"wp-block-list\">\n<li>145 \u20ac pour 1 s\u00e9ance par semaine<\/li>\n\n\n\n<li>215 \u20ac pour 2 s\u00e9ances par semaine<\/li>\n<\/ul>\n\n\n\n<p class=\"has-text-align-center\"><a href=\"http:\/\/www.natation.asp86.fr\/wp-content\/uploads\/2025\/06\/Broch-25-26-1.pdf\" target=\"_blank\" rel=\"noreferrer noopener\">Brochure 2025\/2026<\/a><\/p>\n\n\n\n<figure class=\"wp-block-image aligncenter size-full\"><img decoding=\"async\" width=\"1754\" height=\"1240\" src=\"http:\/\/www.natation.asp86.fr\/wp-content\/uploads\/2025\/06\/Broch-25-26-p1.jpg\" alt=\"\" class=\"wp-image-1760\" srcset=\"https:\/\/www.natation.asp86.fr\/wp-content\/uploads\/2025\/06\/Broch-25-26-p1.jpg 1754w, https:\/\/www.natation.asp86.fr\/wp-content\/uploads\/2025\/06\/Broch-25-26-p1-300x212.jpg 300w, https:\/\/www.natation.asp86.fr\/wp-content\/uploads\/2025\/06\/Broch-25-26-p1-1024x724.jpg 1024w, https:\/\/www.natation.asp86.fr\/wp-content\/uploads\/2025\/06\/Broch-25-26-p1-768x543.jpg 768w, https:\/\/www.natation.asp86.fr\/wp-content\/uploads\/2025\/06\/Broch-25-26-p1-1536x1086.jpg 1536w\" sizes=\"(max-width: 1754px) 100vw, 1754px\" \/><\/figure>\n\n\n\n<p class=\"has-text-align-center\" style=\"line-height:2.4\"><a href=\"http:\/\/www.natation.asp86.fr\/wp-content\/uploads\/2025\/06\/Broch-25-26-2.pdf\" target=\"_blank\" rel=\"noreferrer noopener\">Horaires des activit\u00e9s<\/a><\/p>\n\n\n\n<figure class=\"wp-block-image aligncenter size-full\"><img decoding=\"async\" width=\"1754\" height=\"1240\" src=\"http:\/\/www.natation.asp86.fr\/wp-content\/uploads\/2025\/06\/Broch-25-26-p2.jpg\" alt=\"\" class=\"wp-image-1761\" srcset=\"https:\/\/www.natation.asp86.fr\/wp-content\/uploads\/2025\/06\/Broch-25-26-p2.jpg 1754w, https:\/\/www.natation.asp86.fr\/wp-content\/uploads\/2025\/06\/Broch-25-26-p2-300x212.jpg 300w, https:\/\/www.natation.asp86.fr\/wp-content\/uploads\/2025\/06\/Broch-25-26-p2-1024x724.jpg 1024w, https:\/\/www.natation.asp86.fr\/wp-content\/uploads\/2025\/06\/Broch-25-26-p2-768x543.jpg 768w, https:\/\/www.natation.asp86.fr\/wp-content\/uploads\/2025\/06\/Broch-25-26-p2-1536x1086.jpg 1536w\" sizes=\"(max-width: 1754px) 100vw, 1754px\" \/><\/figure>\n\n\n\n<figure class=\"wp-block-image aligncenter size-large\"><a href=\"http:\/\/www.natation.asp86.fr\/wp-content\/uploads\/2024\/06\/Organig-2024.jpg\" target=\"_blank\" rel=\"noreferrer noopener\"><img loading=\"lazy\" decoding=\"async\" width=\"1024\" height=\"1024\" src=\"http:\/\/www.natation.asp86.fr\/wp-content\/uploads\/2024\/06\/Organig-2024-1024x1024.jpg\" alt=\"\" class=\"wp-image-1059\" srcset=\"https:\/\/www.natation.asp86.fr\/wp-content\/uploads\/2024\/06\/Organig-2024-1024x1024.jpg 1024w, https:\/\/www.natation.asp86.fr\/wp-content\/uploads\/2024\/06\/Organig-2024-300x300.jpg 300w, https:\/\/www.natation.asp86.fr\/wp-content\/uploads\/2024\/06\/Organig-2024-150x150.jpg 150w, https:\/\/www.natation.asp86.fr\/wp-content\/uploads\/2024\/06\/Organig-2024-768x768.jpg 768w, https:\/\/www.natation.asp86.fr\/wp-content\/uploads\/2024\/06\/Organig-2024-1536x1536.jpg 1536w, https:\/\/www.natation.asp86.fr\/wp-content\/uploads\/2024\/06\/Organig-2024.jpg 1754w\" sizes=\"(max-width: 1024px) 100vw, 1024px\" \/><\/a><\/figure>\n","protected":false},"excerpt":{"rendered":"<p>D\u00e9butants&nbsp; Groupe d\u2019apprentissage pour les enfants de 7 \u00e0 10 ans. Pour int\u00e9grer ces groupes, les enfants doivent imp\u00e9rativement \u00eatre [&hellip;]<\/p>\n","protected":false},"author":1,"featured_media":0,"parent":116,"menu_order":2,"comment_status":"closed","ping_status":"closed","template":"","meta":{"site-sidebar-layout":"default","site-content-layout":"","ast-site-content-layout":"","site-content-style":"default","site-sidebar-style":"default","ast-global-header-display":"","ast-banner-title-visibility":"","ast-main-header-display":"","ast-hfb-above-header-display":"","ast-hfb-below-header-display":"","ast-hfb-mobile-header-display":"","site-post-title":"","ast-breadcrumbs-content":"","ast-featured-img":"","footer-sml-layout":"","theme-transparent-header-meta":"","adv-header-id-meta":"","stick-header-meta":"","header-above-stick-meta":"","header-main-stick-meta":"","header-below-stick-meta":"","astra-migrate-meta-layouts":"default","ast-page-background-enabled":"default","ast-page-background-meta":{"desktop":{"background-color":"var(--ast-global-color-4)","background-image":"","background-repeat":"repeat","background-position":"center center","background-size":"auto","background-attachment":"scroll","background-type":"","background-media":"","overlay-type":"","overlay-color":"","overlay-gradient":""},"tablet":{"background-color":"","background-image":"","background-repeat":"repeat","background-position":"center center","background-size":"auto","background-attachment":"scroll","background-type":"","background-media":"","overlay-type":"","overlay-color":"","overlay-gradient":""},"mobile":{"background-color":"","background-image":"","background-repeat":"repeat","background-position":"center center","background-size":"auto","background-attachment":"scroll","background-type":"","background-media":"","overlay-type":"","overlay-color":"","overlay-gradient":""}},"ast-content-background-meta":{"desktop":{"background-color":"var(--ast-global-color-5)","background-image":"","background-repeat":"repeat","background-position":"center center","background-size":"auto","background-attachment":"scroll","background-type":"","background-media":"","overlay-type":"","overlay-color":"","overlay-gradient":""},"tablet":{"background-color":"var(--ast-global-color-5)","background-image":"","background-repeat":"repeat","background-position":"center center","background-size":"auto","background-attachment":"scroll","background-type":"","background-media":"","overlay-type":"","overlay-color":"","overlay-gradient":""},"mobile":{"background-color":"var(--ast-global-color-5)","background-image":"","background-repeat":"repeat","background-position":"center center","background-size":"auto","background-attachment":"scroll","background-type":"","background-media":"","overlay-type":"","overlay-color":"","overlay-gradient":""}},"footnotes":""},"class_list":["post-129","page","type-page","status-publish","hentry"],"_links":{"self":[{"href":"https:\/\/www.natation.asp86.fr\/index.php\/wp-json\/wp\/v2\/pages\/129","targetHints":{"allow":["GET"]}}],"collection":[{"href":"https:\/\/www.natation.asp86.fr\/index.php\/wp-json\/wp\/v2\/pages"}],"about":[{"href":"https:\/\/www.natation.asp86.fr\/index.php\/wp-json\/wp\/v2\/types\/page"}],"author":[{"embeddable":true,"href":"https:\/\/www.natation.asp86.fr\/index.php\/wp-json\/wp\/v2\/users\/1"}],"replies":[{"embeddable":true,"href":"https:\/\/www.natation.asp86.fr\/index.php\/wp-json\/wp\/v2\/comments?post=129"}],"version-history":[{"count":16,"href":"https:\/\/www.natation.asp86.fr\/index.php\/wp-json\/wp\/v2\/pages\/129\/revisions"}],"predecessor-version":[{"id":1773,"href":"https:\/\/www.natation.asp86.fr\/index.php\/wp-json\/wp\/v2\/pages\/129\/revisions\/1773"}],"up":[{"embeddable":true,"href":"https:\/\/www.natation.asp86.fr\/index.php\/wp-json\/wp\/v2\/pages\/116"}],"wp:attachment":[{"href":"https:\/\/www.natation.asp86.fr\/index.php\/wp-json\/wp\/v2\/media?parent=129"}],"curies":[{"name":"wp","href":"https:\/\/api.w.org\/{rel}","templated":true}]}}