{"id":159,"date":"2024-04-18T09:33:21","date_gmt":"2024-04-18T07:33:21","guid":{"rendered":"https:\/\/www.natation.asp86.fr\/?page_id=159"},"modified":"2025-09-03T10:34:23","modified_gmt":"2025-09-03T08:34:23","slug":"handi-sport","status":"publish","type":"page","link":"https:\/\/www.natation.asp86.fr\/index.php\/handi-sport\/","title":{"rendered":"Handisport"},"content":{"rendered":"\n<p class=\"has-ast-global-color-0-color has-text-color has-link-color wp-elements-a8c526b65bb2425781463b7d8ebebc18\"><strong>Historique :<\/strong><\/p>\n\n\n\n<p>Il y a une quinzaine d\u2019ann\u00e9e, l\u2019ASPTT Poitiers Natation cr\u00e9e un groupe Handisport. Dans un premier temps en 2010, avec la cr\u00e9ation d\u2019un cr\u00e9neau adultes les dimanches matin puis dans un second temps une s\u00e9ance pour les mineurs est ajout\u00e9e.<\/p>\n\n\n\n<p>Ouverte aux loisirs, des horaires sont propos\u00e9s aux nageurs dans la bonne entente et la convivialit\u00e9. Tout comme les personnes valides, les personnes pr\u00e9sentant un handicap physique peuvent pratiquer la natation en loisirs. Elles \u00e9prouvent ainsi du plaisir \u00e0 \u00eatre dans l\u2019eau.<\/p>\n\n\n\n<p>L\u2019ASPTT est r\u00e9guli\u00e8rement en contact avec Yannick H\u00e9rault, membre du comit\u00e9 d\u00e9partemental Handisport, avec qui L\u2019Association Sportive Sociale des Handicap\u00e9s et Adh\u00e9rents Valides (ASSHAV) est affili\u00e9e. Cela nous permet de nous mettre en relation avec des personnes souhaitant pratiquer la natation.<\/p>\n\n\n\n<p>Avant septembre 2022, le club proposait aux nageurs deux options d\u2019entrainements&nbsp;: un groupe Handi-Enfant et un groupe Handi-Adulte. Chaque groupe \u00e0 un entrainement d\u2019une heure par semaine. Les Handi-Enfants ont cours les samedis \u00e0 la piscine de la Blaiserie et les Handi-Adultes ont, quant \u00e0 eux, cours les vendredis soirs \u00e0 la piscine de la Ganterie.<\/p>\n\n\n\n<p>Pendant les vacances d\u2019hiver et de P\u00e2ques 2023, le club a cr\u00e9\u00e9 des stages pour les Handi-Enfants avec des s\u00e9ances aquatiques quotidiennes. Ce stage rentre dans le cadre du dispositif national \u00ab&nbsp;J\u2019apprends \u00e0 nager&nbsp;\u00bb. Il y a donc eu 10 s\u00e9ances d\u2019une heure avec 5 enfants. L\u2019objectif de ce stage \u00e9tait bien s\u00fbr d\u2019apprendre \u00e0 nager aux enfants, mais aussi d\u2019essayer qu\u2019ils s\u2019inscrivent au club la saison suivante.<\/p>\n\n\n\n<p>A la rentr\u00e9e 2022, le choix est fait de compl\u00e9ter l\u2019offre en Handi-Enfant, l\u2019ASPTT ouvre un nouveau cr\u00e9neau. On a donc pu diff\u00e9rencier l\u2019apprentissage et le perfectionnement ce qui a permis \u00e0 tous d\u2019\u00e9voluer avec des enfants de m\u00eame niveau.<\/p>\n\n\n\n<p>En 2024, le club devient l&rsquo;ASP86 Natation et est labellis\u00e9 par la FFH.<\/p>\n\n\n\n<figure class=\"wp-block-image aligncenter size-large is-resized\"><img fetchpriority=\"high\" decoding=\"async\" width=\"1024\" height=\"960\" src=\"https:\/\/www.natation.asp86.fr\/wp-content\/uploads\/2024\/04\/logo_lc-1024x960.png\" alt=\"\" class=\"wp-image-257\" style=\"width:196px;height:auto\" srcset=\"https:\/\/www.natation.asp86.fr\/wp-content\/uploads\/2024\/04\/logo_lc-1024x960.png 1024w, https:\/\/www.natation.asp86.fr\/wp-content\/uploads\/2024\/04\/logo_lc-300x281.png 300w, https:\/\/www.natation.asp86.fr\/wp-content\/uploads\/2024\/04\/logo_lc-768x720.png 768w, https:\/\/www.natation.asp86.fr\/wp-content\/uploads\/2024\/04\/logo_lc-1536x1440.png 1536w, https:\/\/www.natation.asp86.fr\/wp-content\/uploads\/2024\/04\/logo_lc-2048x1920.png 2048w\" sizes=\"(max-width: 1024px) 100vw, 1024px\" \/><\/figure>\n\n\n\n<p class=\"has-text-color has-link-color wp-elements-0d7bd8ae6a303875f18b720abb418256\" style=\"color:#55c3e5\"><strong>Tarifs :<\/strong><\/p>\n\n\n\n<ul class=\"wp-block-list\">\n<li>145 \u20ac pour les handi-enfants<\/li>\n\n\n\n<li>185 \u20ac pour les handi-adultes<\/li>\n<\/ul>\n\n\n\n<p class=\"has-text-color has-link-color wp-elements-8d15bdbf5c6eadd0494b29c2ef0bfa22\" style=\"color:#55c3e5\"><strong>Cr\u00e9neaux :<\/strong><\/p>\n\n\n\n<ul class=\"wp-block-list\">\n<li>Vendredi 19h30-20h30 \u00e0 la piscine de la Ganterie pour les adultes<\/li>\n\n\n\n<li>Samedi 15h15-16h et 16h-17h \u00e0 la piscine de la Blaiserie pour les enfants<\/li>\n<\/ul>\n\n\n\n<p><\/p>\n\n\n\n<p class=\"has-text-align-center\"><a href=\"http:\/\/www.natation.asp86.fr\/wp-content\/uploads\/2025\/06\/Broch-25-26-1.pdf\" target=\"_blank\" rel=\"noreferrer noopener\">Brochure 2025\/2026<\/a><\/p>\n\n\n\n<figure class=\"wp-block-image aligncenter size-large\"><img decoding=\"async\" width=\"1024\" height=\"724\" src=\"http:\/\/www.natation.asp86.fr\/wp-content\/uploads\/2025\/06\/Broch-25-26-p1-1024x724.jpg\" alt=\"\" class=\"wp-image-1760\" style=\"object-fit:cover\" srcset=\"https:\/\/www.natation.asp86.fr\/wp-content\/uploads\/2025\/06\/Broch-25-26-p1-1024x724.jpg 1024w, https:\/\/www.natation.asp86.fr\/wp-content\/uploads\/2025\/06\/Broch-25-26-p1-300x212.jpg 300w, https:\/\/www.natation.asp86.fr\/wp-content\/uploads\/2025\/06\/Broch-25-26-p1-768x543.jpg 768w, https:\/\/www.natation.asp86.fr\/wp-content\/uploads\/2025\/06\/Broch-25-26-p1-1536x1086.jpg 1536w, https:\/\/www.natation.asp86.fr\/wp-content\/uploads\/2025\/06\/Broch-25-26-p1.jpg 1754w\" sizes=\"(max-width: 1024px) 100vw, 1024px\" \/><\/figure>\n\n\n\n<p><\/p>\n\n\n\n<p class=\"has-text-align-center\"><a href=\"http:\/\/www.natation.asp86.fr\/wp-content\/uploads\/2025\/06\/Broch-25-26-2.pdf\" target=\"_blank\" rel=\"noreferrer noopener\">Horaires 2025\/2026<\/a><\/p>\n\n\n\n<figure class=\"wp-block-image aligncenter size-large\"><img decoding=\"async\" width=\"1024\" height=\"724\" src=\"http:\/\/www.natation.asp86.fr\/wp-content\/uploads\/2025\/06\/Broch-25-26-p2-1024x724.jpg\" alt=\"\" class=\"wp-image-1761\" srcset=\"https:\/\/www.natation.asp86.fr\/wp-content\/uploads\/2025\/06\/Broch-25-26-p2-1024x724.jpg 1024w, https:\/\/www.natation.asp86.fr\/wp-content\/uploads\/2025\/06\/Broch-25-26-p2-300x212.jpg 300w, https:\/\/www.natation.asp86.fr\/wp-content\/uploads\/2025\/06\/Broch-25-26-p2-768x543.jpg 768w, https:\/\/www.natation.asp86.fr\/wp-content\/uploads\/2025\/06\/Broch-25-26-p2-1536x1086.jpg 1536w, https:\/\/www.natation.asp86.fr\/wp-content\/uploads\/2025\/06\/Broch-25-26-p2.jpg 1754w\" sizes=\"(max-width: 1024px) 100vw, 1024px\" \/><\/figure>\n","protected":false},"excerpt":{"rendered":"<p>Historique : Il y a une quinzaine d\u2019ann\u00e9e, l\u2019ASPTT Poitiers Natation cr\u00e9e un groupe Handisport. Dans un premier temps en [&hellip;]<\/p>\n","protected":false},"author":1,"featured_media":0,"parent":0,"menu_order":0,"comment_status":"closed","ping_status":"closed","template":"","meta":{"site-sidebar-layout":"default","site-content-layout":"","ast-site-content-layout":"","site-content-style":"default","site-sidebar-style":"default","ast-global-header-display":"","ast-banner-title-visibility":"","ast-main-header-display":"","ast-hfb-above-header-display":"","ast-hfb-below-header-display":"","ast-hfb-mobile-header-display":"","site-post-title":"","ast-breadcrumbs-content":"","ast-featured-img":"","footer-sml-layout":"","theme-transparent-header-meta":"","adv-header-id-meta":"","stick-header-meta":"","header-above-stick-meta":"","header-main-stick-meta":"","header-below-stick-meta":"","astra-migrate-meta-layouts":"default","ast-page-background-enabled":"default","ast-page-background-meta":{"desktop":{"background-color":"var(--ast-global-color-4)","background-image":"","background-repeat":"repeat","background-position":"center center","background-size":"auto","background-attachment":"scroll","background-type":"","background-media":"","overlay-type":"","overlay-color":"","overlay-gradient":""},"tablet":{"background-color":"","background-image":"","background-repeat":"repeat","background-position":"center center","background-size":"auto","background-attachment":"scroll","background-type":"","background-media":"","overlay-type":"","overlay-color":"","overlay-gradient":""},"mobile":{"background-color":"","background-image":"","background-repeat":"repeat","background-position":"center center","background-size":"auto","background-attachment":"scroll","background-type":"","background-media":"","overlay-type":"","overlay-color":"","overlay-gradient":""}},"ast-content-background-meta":{"desktop":{"background-color":"var(--ast-global-color-5)","background-image":"","background-repeat":"repeat","background-position":"center center","background-size":"auto","background-attachment":"scroll","background-type":"","background-media":"","overlay-type":"","overlay-color":"","overlay-gradient":""},"tablet":{"background-color":"var(--ast-global-color-5)","background-image":"","background-repeat":"repeat","background-position":"center center","background-size":"auto","background-attachment":"scroll","background-type":"","background-media":"","overlay-type":"","overlay-color":"","overlay-gradient":""},"mobile":{"background-color":"var(--ast-global-color-5)","background-image":"","background-repeat":"repeat","background-position":"center center","background-size":"auto","background-attachment":"scroll","background-type":"","background-media":"","overlay-type":"","overlay-color":"","overlay-gradient":""}},"footnotes":""},"class_list":["post-159","page","type-page","status-publish","hentry"],"_links":{"self":[{"href":"https:\/\/www.natation.asp86.fr\/index.php\/wp-json\/wp\/v2\/pages\/159","targetHints":{"allow":["GET"]}}],"collection":[{"href":"https:\/\/www.natation.asp86.fr\/index.php\/wp-json\/wp\/v2\/pages"}],"about":[{"href":"https:\/\/www.natation.asp86.fr\/index.php\/wp-json\/wp\/v2\/types\/page"}],"author":[{"embeddable":true,"href":"https:\/\/www.natation.asp86.fr\/index.php\/wp-json\/wp\/v2\/users\/1"}],"replies":[{"embeddable":true,"href":"https:\/\/www.natation.asp86.fr\/index.php\/wp-json\/wp\/v2\/comments?post=159"}],"version-history":[{"count":10,"href":"https:\/\/www.natation.asp86.fr\/index.php\/wp-json\/wp\/v2\/pages\/159\/revisions"}],"predecessor-version":[{"id":1916,"href":"https:\/\/www.natation.asp86.fr\/index.php\/wp-json\/wp\/v2\/pages\/159\/revisions\/1916"}],"wp:attachment":[{"href":"https:\/\/www.natation.asp86.fr\/index.php\/wp-json\/wp\/v2\/media?parent=159"}],"curies":[{"name":"wp","href":"https:\/\/api.w.org\/{rel}","templated":true}]}}