{"id":237,"date":"2024-04-19T10:57:02","date_gmt":"2024-04-19T08:57:02","guid":{"rendered":"https:\/\/www.natation.asp86.fr\/?page_id=237"},"modified":"2025-11-21T18:31:17","modified_gmt":"2025-11-21T17:31:17","slug":"les-piscines","status":"publish","type":"page","link":"https:\/\/www.natation.asp86.fr\/index.php\/les-piscines\/","title":{"rendered":"Les piscines"},"content":{"rendered":"\n<div class=\"wp-block-group is-layout-constrained wp-block-group-is-layout-constrained\">\n<details class=\"wp-block-details has-black-color has-text-color has-link-color wp-elements-8779bcd91821b65802f4e63e23ef6788 is-layout-flow wp-container-core-details-is-layout-5dafc681 wp-block-details-is-layout-flow\"><summary>Complexe Sportif de la Ganterie<\/summary>\n<figure class=\"wp-block-image aligncenter size-large is-resized\"><img fetchpriority=\"high\" decoding=\"async\" width=\"1024\" height=\"577\" src=\"https:\/\/www.natation.asp86.fr\/wp-content\/uploads\/2024\/04\/20240412_151040-1024x577.jpg\" alt=\"\" class=\"wp-image-238\" style=\"width:373px;height:auto\" srcset=\"https:\/\/www.natation.asp86.fr\/wp-content\/uploads\/2024\/04\/20240412_151040-1024x577.jpg 1024w, https:\/\/www.natation.asp86.fr\/wp-content\/uploads\/2024\/04\/20240412_151040-300x169.jpg 300w, https:\/\/www.natation.asp86.fr\/wp-content\/uploads\/2024\/04\/20240412_151040-768x432.jpg 768w, https:\/\/www.natation.asp86.fr\/wp-content\/uploads\/2024\/04\/20240412_151040-1536x865.jpg 1536w, https:\/\/www.natation.asp86.fr\/wp-content\/uploads\/2024\/04\/20240412_151040-2048x1153.jpg 2048w\" sizes=\"(max-width: 1024px) 100vw, 1024px\" \/><\/figure>\n\n\n\n<p>A l&rsquo;est de Poitiers, le complexe sportif de la Ganterie&nbsp;se situe \u00e0 quelques pas de la patinoire de Poitiers.<\/p>\n\n\n\n<p>Il se compose de trois bassins pour la pratique du plus grand nombre, \u00e0 l&rsquo;int\u00e9rieur un bassin d&rsquo;apprentissage de 15m*15m et un bassin de nage de 25 m\u00e8tres, 6 couloirs, \u00e0 l&rsquo;ext\u00e9rieur un bassin olympique (50 m\u00e8tres) de 8 couloirs r\u00e9nov\u00e9 en 2019 et une aire de jeux aquatiques pour enfants. <br>Le complexe dispose aussi d&rsquo;un dojo, d&rsquo;une salle de sport et de deux salles de r\u00e9ception.<\/p>\n\n\n\n<p>Les activit\u00e9s propos\u00e9es par l&rsquo;ASP86 Natation dans ce complexe sont :<\/p>\n\n\n\n<div class=\"wp-block-group is-layout-constrained wp-block-group-is-layout-constrained\">\n<ul class=\"wp-block-list\">\n<li>Ecole de l&rsquo;eau,<\/li>\n<\/ul>\n<\/div>\n\n\n\n<ul style=\"margin-top:0;margin-bottom:0\" class=\"wp-block-list\">\n<li>Ecole de natation,<\/li>\n\n\n\n<li>Aquagym, <\/li>\n\n\n\n<li>Natation adultes, <\/li>\n\n\n\n<li>Natation comp\u00e9tition, <\/li>\n\n\n\n<li>Natation handisport adultes (perfectionnement)<\/li>\n\n\n\n<li>Nagez Forme Sant\u00e9 (bassin de 25m)<\/li>\n<\/ul>\n\n\n\n<p><a href=\"https:\/\/www.google.com\/maps\/place\/Piscine+de+la+Ganterie\/@46.5704109,0.3653052,16z\/data=!3m2!4b1!5s0x47fdbeedb3a5dd95:0x125c88d7702a67ae!4m6!3m5!1s0x47fdbeedb390e299:0x6b4b606d326e8f58!8m2!3d46.5704072!4d0.3678801!16s%2Fg%2F11cj_g1jnn?authuser=0&amp;entry=ttu\" target=\"_blank\" rel=\"noreferrer noopener\">Adresse : 57 rue de la Ganterie &#8211; 86000 POITIERS<\/a><\/p>\n\n\n\n<p class=\"has-vivid-red-color has-text-color has-link-color wp-elements-519613088a57bf5d60fd59fe125e8a54\">Un syst\u00e8me de casier a \u00e9t\u00e9 mis en place, penser \u00e0 se munir d\u2019une pi\u00e8ce d\u20191\u20ac ou d\u2019un jeton de caddie.<\/p>\n<\/details>\n\n\n\n<details class=\"wp-block-details has-black-color has-text-color has-link-color wp-elements-b657741c48cc6e1d272babf4eec77d0d is-layout-flow wp-container-core-details-is-layout-5dafc681 wp-block-details-is-layout-flow\"><summary>Piscine de la Blaiserie<\/summary>\n<figure class=\"wp-block-image aligncenter size-large is-resized\"><img decoding=\"async\" width=\"1024\" height=\"768\" src=\"https:\/\/www.natation.asp86.fr\/wp-content\/uploads\/2024\/04\/IMG-20240415-WA0008-1024x768.jpg\" alt=\"\" class=\"wp-image-240\" style=\"width:277px;height:auto\" srcset=\"https:\/\/www.natation.asp86.fr\/wp-content\/uploads\/2024\/04\/IMG-20240415-WA0008-1024x768.jpg 1024w, https:\/\/www.natation.asp86.fr\/wp-content\/uploads\/2024\/04\/IMG-20240415-WA0008-300x225.jpg 300w, https:\/\/www.natation.asp86.fr\/wp-content\/uploads\/2024\/04\/IMG-20240415-WA0008-768x576.jpg 768w, https:\/\/www.natation.asp86.fr\/wp-content\/uploads\/2024\/04\/IMG-20240415-WA0008-1536x1152.jpg 1536w, https:\/\/www.natation.asp86.fr\/wp-content\/uploads\/2024\/04\/IMG-20240415-WA0008.jpg 2048w\" sizes=\"(max-width: 1024px) 100vw, 1024px\" \/><\/figure>\n\n\n\n<p>Piscine Tournesol de 25 m\u00e8tres, 4 couloirs, situ\u00e9e au nord-ouest de Poitiers couverte et dot\u00e9e d\u2019un toit partiellement d\u00e9couvrable.<\/p>\n\n\n\n<p>Les activit\u00e9s propos\u00e9es par l&rsquo;ASP86 Natation dans cette piscine sont : <\/p>\n\n\n\n<ul class=\"wp-block-list\">\n<li>Ecole de natation,<\/li>\n\n\n\n<li>Aquagym,<\/li>\n\n\n\n<li>Natation adultes, <\/li>\n\n\n\n<li>Natation handisports enfants (apprentissage et perfectionnement)<\/li>\n\n\n\n<li>Aquaphobie (eau \u00e0 30\u00b0C)<\/li>\n\n\n\n<li>Nagez Forme Sant\u00e9<\/li>\n<\/ul>\n\n\n\n<p><a href=\"https:\/\/www.google.com\/maps\/place\/Piscine+de+la+Blaiserie\/@46.5931997,0.3240091,17z\/data=!3m1!4b1!4m6!3m5!1s0x47fdbdfd78b0773d:0x5e60491119ecf762!8m2!3d46.593196!4d0.326584!16s%2Fg%2F1ptvvp5x1?authuser=0&amp;entry=ttu\" target=\"_blank\" rel=\"noreferrer noopener\">Adresse : 17 rue Dieudonn\u00e9 Costes &#8211; 86000 POITIERS<\/a><\/p>\n\n\n\n<p class=\"has-vivid-red-color has-text-color has-link-color wp-elements-519613088a57bf5d60fd59fe125e8a54\">Un syst\u00e8me de casier a \u00e9t\u00e9 mis en place, penser \u00e0 se munir d\u2019une pi\u00e8ce d\u20191\u20ac ou d\u2019un jeton de caddie.<\/p>\n<\/details>\n\n\n\n<details class=\"wp-block-details has-black-color has-text-color has-link-color wp-elements-7a046c85bc4eef9320e74d422a6bd4d5 is-layout-flow wp-container-core-details-is-layout-5dafc681 wp-block-details-is-layout-flow\"><summary>Piscine de Bellejouanne<\/summary>\n<figure class=\"wp-block-image aligncenter size-full is-resized\"><img decoding=\"async\" width=\"2560\" height=\"1183\" src=\"http:\/\/www.natation.asp86.fr\/wp-content\/uploads\/2024\/06\/20240615_124551-scaled.jpg\" alt=\"\" class=\"wp-image-1093\" style=\"width:359px;height:auto\" srcset=\"https:\/\/www.natation.asp86.fr\/wp-content\/uploads\/2024\/06\/20240615_124551-scaled.jpg 2560w, https:\/\/www.natation.asp86.fr\/wp-content\/uploads\/2024\/06\/20240615_124551-300x139.jpg 300w, https:\/\/www.natation.asp86.fr\/wp-content\/uploads\/2024\/06\/20240615_124551-1024x473.jpg 1024w, https:\/\/www.natation.asp86.fr\/wp-content\/uploads\/2024\/06\/20240615_124551-768x355.jpg 768w, https:\/\/www.natation.asp86.fr\/wp-content\/uploads\/2024\/06\/20240615_124551-1536x710.jpg 1536w, https:\/\/www.natation.asp86.fr\/wp-content\/uploads\/2024\/06\/20240615_124551-2048x946.jpg 2048w\" sizes=\"(max-width: 2560px) 100vw, 2560px\" \/><\/figure>\n\n\n\n<p>Piscine couverte situ\u00e9e au sud-ouest de Poitiers \u00e9quip\u00e9e d\u2019un&nbsp;bassin de 25 m\u00e8tres, 5 couloirs.<\/p>\n\n\n\n<p>Les activit\u00e9s propos\u00e9es par l&rsquo;ASP86 Natation sont : <\/p>\n\n\n\n<ul class=\"wp-block-list\">\n<li>Ecole de natation,<\/li>\n\n\n\n<li>Aquagym<\/li>\n\n\n\n<li>Nagez Forme Sant\u00e9<\/li>\n<\/ul>\n\n\n\n<p><a href=\"https:\/\/www.google.com\/maps\/place\/Piscine+de+Bellejouanne\/@46.5828538,0.1521865,12.5z\/data=!4m6!3m5!1s0x47fd958f47254c87:0xfc7683bb8c48ae99!8m2!3d46.5649703!4d0.31049!16s%2Fg%2F11clyxg9td?authuser=0&amp;entry=ttu\" target=\"_blank\" rel=\"noreferrer noopener\">Adresse : 3 all\u00e9e Roger Tagault &#8211; 86000 POITIERS<\/a><\/p>\n\n\n\n<p class=\"has-vivid-red-color has-text-color has-link-color wp-elements-519613088a57bf5d60fd59fe125e8a54\">Un syst\u00e8me de casier a \u00e9t\u00e9 mis en place, penser \u00e0 se munir d\u2019une pi\u00e8ce d\u20191\u20ac ou d\u2019un jeton de caddie.<\/p>\n<\/details>\n\n\n\n<details class=\"wp-block-details has-black-color has-text-color has-link-color wp-elements-252253b0c66ce0bcec346c4967f46e74 is-layout-flow wp-container-core-details-is-layout-5dafc681 wp-block-details-is-layout-flow\"><summary>Piscine de Pont Achard<\/summary>\n<figure class=\"wp-block-image aligncenter size-large is-resized\"><img loading=\"lazy\" decoding=\"async\" width=\"768\" height=\"1024\" src=\"https:\/\/www.natation.asp86.fr\/wp-content\/uploads\/2024\/04\/IMG-20240413-WA0003-768x1024.jpg\" alt=\"\" class=\"wp-image-245\" style=\"width:226px;height:auto\" srcset=\"https:\/\/www.natation.asp86.fr\/wp-content\/uploads\/2024\/04\/IMG-20240413-WA0003-768x1024.jpg 768w, https:\/\/www.natation.asp86.fr\/wp-content\/uploads\/2024\/04\/IMG-20240413-WA0003-225x300.jpg 225w, https:\/\/www.natation.asp86.fr\/wp-content\/uploads\/2024\/04\/IMG-20240413-WA0003-1152x1536.jpg 1152w, https:\/\/www.natation.asp86.fr\/wp-content\/uploads\/2024\/04\/IMG-20240413-WA0003.jpg 1200w\" sizes=\"(max-width: 768px) 100vw, 768px\" \/><\/figure>\n\n\n\n<p>La piscine de Pont Achard est exclusivement r\u00e9serv\u00e9es aux associations et \u00e9tablissements scolaires. Elle se compose d&rsquo;un unique bassin de 25 m\u00e8tres, 3 couloirs.<\/p>\n\n\n\n<p>Les activit\u00e9s propos\u00e9es sont : <\/p>\n\n\n\n<ul class=\"wp-block-list\">\n<li>Aquagym,<\/li>\n\n\n\n<li>Natation adultes.<\/li>\n<\/ul>\n\n\n\n<p><a href=\"https:\/\/www.google.com\/maps\/place\/26+Bd+Pont+Achard,+86000+Poitiers\/@46.5788696,0.3318251,19z\/data=!4m6!3m5!1s0x47fdbe13e399f2a1:0x4128ca301a650afa!8m2!3d46.5791133!4d0.33174!16s%2Fg%2F11c4hctd7t?authuser=0&amp;entry=ttu\" target=\"_blank\" rel=\"noreferrer noopener\">Adresse : 26 boulevard Pont Achard &#8211; 86000 POITIERS (derri\u00e8re l&rsquo;ancienne caserne des pompiers)<\/a><\/p>\n<\/details>\n\n\n\n<details class=\"wp-block-details has-black-color has-text-color has-link-color wp-elements-d0cf5bb7369d030c76fc9b9a5a83e5ad is-layout-flow wp-container-core-details-is-layout-5dafc681 wp-block-details-is-layout-flow\"><summary>Piscine de la P\u00e9pini\u00e8re<\/summary>\n<figure class=\"wp-block-image aligncenter size-full\"><img loading=\"lazy\" decoding=\"async\" width=\"275\" height=\"183\" src=\"https:\/\/www.natation.asp86.fr\/wp-content\/uploads\/2024\/04\/telechargement.jpg\" alt=\"\" class=\"wp-image-250\"\/><\/figure>\n\n\n\n<p>Actuellement en travaux, nous ne pouvons pas proposer d&rsquo;activit\u00e9s dans cette piscine.<\/p>\n\n\n\n<p>Retour esp\u00e9r\u00e9 en septembre 2026.<\/p>\n\n\n\n<p><a href=\"https:\/\/www.google.com\/maps\/place\/Centre+aquatique+de+la+P%C3%A9pini%C3%A8re\/@46.5941016,0.3593687,16z\/data=!3m1!4b1!4m6!3m5!1s0x47fdbc284a2fbb8d:0xd33dd7aad7009a20!8m2!3d46.594098!4d0.3642396!16s%2Fg%2F113jqk08c?authuser=0&amp;entry=ttu\" target=\"_blank\" rel=\"noreferrer noopener\">Adresse : 95 rue des 2 communes &#8211; 86180 BUXEROLLES<\/a><\/p>\n<\/details>\n<\/div>\n","protected":false},"excerpt":{"rendered":"","protected":false},"author":1,"featured_media":0,"parent":0,"menu_order":0,"comment_status":"closed","ping_status":"closed","template":"","meta":{"site-sidebar-layout":"default","site-content-layout":"","ast-site-content-layout":"","site-content-style":"default","site-sidebar-style":"default","ast-global-header-display":"","ast-banner-title-visibility":"","ast-main-header-display":"","ast-hfb-above-header-display":"","ast-hfb-below-header-display":"","ast-hfb-mobile-header-display":"","site-post-title":"","ast-breadcrumbs-content":"","ast-featured-img":"","footer-sml-layout":"","theme-transparent-header-meta":"","adv-header-id-meta":"","stick-header-meta":"","header-above-stick-meta":"","header-main-stick-meta":"","header-below-stick-meta":"","astra-migrate-meta-layouts":"default","ast-page-background-enabled":"default","ast-page-background-meta":{"desktop":{"background-color":"var(--ast-global-color-4)","background-image":"","background-repeat":"repeat","background-position":"center center","background-size":"auto","background-attachment":"scroll","background-type":"","background-media":"","overlay-type":"","overlay-color":"","overlay-gradient":""},"tablet":{"background-color":"","background-image":"","background-repeat":"repeat","background-position":"center center","background-size":"auto","background-attachment":"scroll","background-type":"","background-media":"","overlay-type":"","overlay-color":"","overlay-gradient":""},"mobile":{"background-color":"","background-image":"","background-repeat":"repeat","background-position":"center center","background-size":"auto","background-attachment":"scroll","background-type":"","background-media":"","overlay-type":"","overlay-color":"","overlay-gradient":""}},"ast-content-background-meta":{"desktop":{"background-color":"var(--ast-global-color-5)","background-image":"","background-repeat":"repeat","background-position":"center center","background-size":"auto","background-attachment":"scroll","background-type":"","background-media":"","overlay-type":"","overlay-color":"","overlay-gradient":""},"tablet":{"background-color":"var(--ast-global-color-5)","background-image":"","background-repeat":"repeat","background-position":"center center","background-size":"auto","background-attachment":"scroll","background-type":"","background-media":"","overlay-type":"","overlay-color":"","overlay-gradient":""},"mobile":{"background-color":"var(--ast-global-color-5)","background-image":"","background-repeat":"repeat","background-position":"center center","background-size":"auto","background-attachment":"scroll","background-type":"","background-media":"","overlay-type":"","overlay-color":"","overlay-gradient":""}},"footnotes":""},"class_list":["post-237","page","type-page","status-publish","hentry"],"_links":{"self":[{"href":"https:\/\/www.natation.asp86.fr\/index.php\/wp-json\/wp\/v2\/pages\/237","targetHints":{"allow":["GET"]}}],"collection":[{"href":"https:\/\/www.natation.asp86.fr\/index.php\/wp-json\/wp\/v2\/pages"}],"about":[{"href":"https:\/\/www.natation.asp86.fr\/index.php\/wp-json\/wp\/v2\/types\/page"}],"author":[{"embeddable":true,"href":"https:\/\/www.natation.asp86.fr\/index.php\/wp-json\/wp\/v2\/users\/1"}],"replies":[{"embeddable":true,"href":"https:\/\/www.natation.asp86.fr\/index.php\/wp-json\/wp\/v2\/comments?post=237"}],"version-history":[{"count":25,"href":"https:\/\/www.natation.asp86.fr\/index.php\/wp-json\/wp\/v2\/pages\/237\/revisions"}],"predecessor-version":[{"id":1958,"href":"https:\/\/www.natation.asp86.fr\/index.php\/wp-json\/wp\/v2\/pages\/237\/revisions\/1958"}],"wp:attachment":[{"href":"https:\/\/www.natation.asp86.fr\/index.php\/wp-json\/wp\/v2\/media?parent=237"}],"curies":[{"name":"wp","href":"https:\/\/api.w.org\/{rel}","templated":true}]}}