{"id":590,"date":"2024-05-17T09:54:26","date_gmt":"2024-05-17T07:54:26","guid":{"rendered":"https:\/\/www.natation.asp86.fr\/?page_id=590"},"modified":"2025-11-21T18:28:43","modified_gmt":"2025-11-21T17:28:43","slug":"lencadrement-2","status":"publish","type":"page","link":"https:\/\/www.natation.asp86.fr\/index.php\/le-club\/lencadrement-2\/","title":{"rendered":"L&rsquo;encadrement"},"content":{"rendered":"\n<p><\/p>\n\n\n\n<h3 class=\"wp-block-heading has-black-color has-text-color has-link-color has-large-font-size wp-elements-25f7ce908a1758bfc543f33241b6d34c\"><strong>Directeur Technique :<\/strong><\/h3>\n\n\n\n<h4 class=\"wp-block-heading has-text-color has-link-color wp-elements-09190e57d3be4dfc6a56a19f16af91de\" style=\"color:#55c3e5\"><strong>Maxime RAMEL :<\/strong><\/h4>\n\n\n\n<p>BEESAN + BF4<br>DEJEPS perfectionnement sportif mention natation course<\/p>\n\n\n\n<p>\u00c9valuateur ENF 1, ENF 2, ENF 3<\/p>\n\n\n\n<p>En CDI \u00e0 plein temps depuis 2011.<\/p>\n\n\n\n<p>Charg\u00e9 de l\u2019organisation g\u00e9n\u00e9rale du club et de la mise en place des \u00e9v\u00e9nements sportifs.<\/p>\n\n\n\n<p>Contact&nbsp;: <a href=\"mailto:natation@asp86.fr\" target=\"_blank\" rel=\"noreferrer noopener\">natation@asp86.fr<\/a><\/p>\n\n\n\n<p>Tel : 05.49.58.20.14 \/ 09.83.77.68.99 \/ 09.83.67.68.99<\/p>\n\n\n\n<p><\/p>\n\n\n\n<h3 class=\"wp-block-heading has-large-font-size\"><strong>\u00c9ducateurs :<\/strong><\/h3>\n\n\n\n<h3 class=\"wp-block-heading has-text-color has-link-color has-medium-font-size wp-elements-2aceefe56e1afa27a9af22027825baaf\" style=\"color:#55c3e5\"><strong>Laura BAERT :<\/strong><\/h3>\n\n\n\n<p>Licence Professionnelle Animation, Gestion et Organisation des Activit\u00e9s Physiques et Sportives, mention Activit\u00e9s Aquatiques \/ MNS<\/p>\n\n\n\n<p>En CDI \u00e0 temps complet depuis septembre 2021, apr\u00e8s 2 saisons en CDI intermittent.<\/p>\n\n\n\n<p>Charg\u00e9e de l\u2019encadrement des \u00e9coles de natation, de l\u2019aquagym, de l\u2019aquaphobie et de la natation adultes.<\/p>\n\n\n\n<h4 class=\"wp-block-heading has-text-color has-link-color has-medium-font-size wp-elements-7c56ab445a907839e48be6266bc4a453\" style=\"color:#55c3e5\"><strong>Camille GUYONNAUD :<\/strong><\/h4>\n\n\n\n<p>BP JEPS AAN + NFS<\/p>\n\n\n\n<p>En CDI depuis septembre 2023 apr\u00e8s deux ann\u00e9es en CDI intermittent.<\/p>\n\n\n\n<p>Apr\u00e8s avoir valid\u00e9e sa formation, Camille a permis \u00e0 l&rsquo;ASP86 Natation d&rsquo;ouvrir des s\u00e9ances Nagez Forme Sant\u00e9 \u00e0 la rentr\u00e9e 2025.<\/p>\n\n\n\n<p>Charg\u00e9e de l\u2019encadrement des \u00e9coles de natation, de l\u2019aquagym, de l\u2019aquaphobie, de la natation adultes, de l&rsquo;handi natation et du Nagez Forme Sant\u00e9.<\/p>\n\n\n\n<h4 class=\"wp-block-heading has-text-color has-link-color has-medium-font-size wp-elements-09784b71e309712776d45820773cb7a1\" style=\"color:#55c3e5\"><strong>Valentin CHENU :<\/strong><\/h4>\n\n\n\n<p>DEUST Aquatique, Mention Animation et Gestion des Activit\u00e9s Physiques, Sportives ou Culturelles. + DEJEPS perfectionnement sportif mention natation course<\/p>\n\n\n\n<p>En CDI \u00e0 plein temps depuis septembre 2022.<\/p>\n\n\n\n<p>Valentin a valid\u00e9 en juin 2025 son DEJEPS et bascule pour la saison 2025\/2026 sur l&rsquo;encadrement des groupes comp\u00e9titions juniors \/ s\u00e9niors entre autres.<\/p>\n\n\n\n<p>Charg\u00e9 de l\u2019encadrement des \u00e9coles de l&rsquo;eau, des \u00e9coles de natation, de la natation adultes, des comp\u00e9titeurs juniors \/ seniors ainsi que du groupe Masters.<\/p>\n\n\n\n<h4 class=\"wp-block-heading has-text-color has-link-color has-medium-font-size wp-elements-f122b078da060798202b687deba5876c\" style=\"color:#55c3e5\"><strong>Mathieu GONCALVES :<\/strong><\/h4>\n\n\n\n<p>BPJEPS AAN + MSN<\/p>\n\n\n\n<p>En CDI \u00e0 plein temps depuis septembre 2025.<\/p>\n\n\n\n<p>Mathieu fait son retour au club en 2025 apr\u00e8s quelques ann\u00e9es pass\u00e9es loin des bassins &#8211; en manque de chlore !<\/p>\n\n\n\n<p>Charg\u00e9 de l\u2019encadrement des \u00e9coles de l&rsquo;eau, des \u00e9coles de natation, de la natation adultes, des comp\u00e9titeurs avenirs \/ benjamins ainsi que du groupe Masters.<\/p>\n\n\n\n<h4 class=\"wp-block-heading has-text-color has-link-color has-medium-font-size wp-elements-9ab6dda905b7b266124e811cb6fb1c67\" style=\"color:#55c3e5\"><strong>Ana\u00efs GUILLOTIN :<\/strong><\/h4>\n\n\n\n<p>BPJEPS AAN + MSN<\/p>\n\n\n\n<p>En CDD \u00e0 temps plein depuis septembre 2025.<\/p>\n\n\n\n<p>De retour pour la saison 2025\/2026 apr\u00e8s avoir obtenu son dipl\u00f4me de Moniteur Sportif de Natation.<\/p>\n\n\n\n<p>Charg\u00e9e de l\u2019encadrement des \u00e9coles de natation, de l\u2019aquagym de l&rsquo;aquaphobie et de la natation adultes et de l&rsquo;handi natation et des comp\u00e9titeurs.<\/p>\n\n\n\n<h4 class=\"wp-block-heading has-text-color has-link-color has-medium-font-size wp-elements-8cb2bcc133e7031c45586668aceb1ba2\" style=\"color:#55c3e5\"><strong>Abiga\u00efl TAILLIFET :<\/strong><\/h4>\n\n\n\n<p>BPJEPS AAN<\/p>\n\n\n\n<p>En CDD \u00e0 temps partiel depuis septembre 2025.<\/p>\n\n\n\n<p>A rejoint l&rsquo;\u00e9quipe apr\u00e8s avoir fait sa formation en alternance avec l&rsquo;ASP86 Natation lors de la saison 2024\/2025.<\/p>\n\n\n\n<p>Charg\u00e9e de l\u2019encadrement des \u00e9coles de l&rsquo;eau, des \u00e9coles de natation, de l\u2019aquagym de l&rsquo;aquaphobie et de la natation adultes et de l&rsquo;handi natation.<\/p>\n\n\n\n<h4 class=\"wp-block-heading has-text-color has-link-color has-medium-font-size wp-elements-7076c863f7a79c7f7bd9f135f0b4e5b7\" style=\"color:#55c3e5\"><strong>Myline MORISSET :<\/strong><\/h4>\n\n\n\n<p>Secr\u00e9taire Administrative<\/p>\n\n\n\n<p>En CDD \u00e0 temps partiel depuis septembre 2025.<\/p>\n\n\n\n<p>A rejoint l&rsquo;\u00e9quipe cette saison au poste de secr\u00e9taire administrative pour g\u00e9rer le quotidien d&rsquo;un club de 1700 adh\u00e9rents. <\/p>\n\n\n\n<div style=\"height:100px\" aria-hidden=\"true\" class=\"wp-block-spacer\"><\/div>\n","protected":false},"excerpt":{"rendered":"<p>Directeur Technique : Maxime RAMEL : BEESAN + BF4DEJEPS perfectionnement sportif mention natation course \u00c9valuateur ENF 1, ENF 2, ENF [&hellip;]<\/p>\n","protected":false},"author":1,"featured_media":0,"parent":26,"menu_order":2,"comment_status":"closed","ping_status":"closed","template":"","meta":{"site-sidebar-layout":"default","site-content-layout":"","ast-site-content-layout":"","site-content-style":"default","site-sidebar-style":"default","ast-global-header-display":"","ast-banner-title-visibility":"","ast-main-header-display":"","ast-hfb-above-header-display":"","ast-hfb-below-header-display":"","ast-hfb-mobile-header-display":"","site-post-title":"disabled","ast-breadcrumbs-content":"","ast-featured-img":"","footer-sml-layout":"","theme-transparent-header-meta":"","adv-header-id-meta":"","stick-header-meta":"","header-above-stick-meta":"","header-main-stick-meta":"","header-below-stick-meta":"","astra-migrate-meta-layouts":"default","ast-page-background-enabled":"default","ast-page-background-meta":{"desktop":{"background-color":"var(--ast-global-color-4)","background-image":"","background-repeat":"repeat","background-position":"center center","background-size":"auto","background-attachment":"scroll","background-type":"","background-media":"","overlay-type":"","overlay-color":"","overlay-gradient":""},"tablet":{"background-color":"","background-image":"","background-repeat":"repeat","background-position":"center center","background-size":"auto","background-attachment":"scroll","background-type":"","background-media":"","overlay-type":"","overlay-color":"","overlay-gradient":""},"mobile":{"background-color":"","background-image":"","background-repeat":"repeat","background-position":"center center","background-size":"auto","background-attachment":"scroll","background-type":"","background-media":"","overlay-type":"","overlay-color":"","overlay-gradient":""}},"ast-content-background-meta":{"desktop":{"background-color":"var(--ast-global-color-5)","background-image":"","background-repeat":"repeat","background-position":"center center","background-size":"auto","background-attachment":"scroll","background-type":"","background-media":"","overlay-type":"","overlay-color":"","overlay-gradient":""},"tablet":{"background-color":"var(--ast-global-color-5)","background-image":"","background-repeat":"repeat","background-position":"center center","background-size":"auto","background-attachment":"scroll","background-type":"","background-media":"","overlay-type":"","overlay-color":"","overlay-gradient":""},"mobile":{"background-color":"var(--ast-global-color-5)","background-image":"","background-repeat":"repeat","background-position":"center center","background-size":"auto","background-attachment":"scroll","background-type":"","background-media":"","overlay-type":"","overlay-color":"","overlay-gradient":""}},"footnotes":""},"class_list":["post-590","page","type-page","status-publish","hentry"],"_links":{"self":[{"href":"https:\/\/www.natation.asp86.fr\/index.php\/wp-json\/wp\/v2\/pages\/590","targetHints":{"allow":["GET"]}}],"collection":[{"href":"https:\/\/www.natation.asp86.fr\/index.php\/wp-json\/wp\/v2\/pages"}],"about":[{"href":"https:\/\/www.natation.asp86.fr\/index.php\/wp-json\/wp\/v2\/types\/page"}],"author":[{"embeddable":true,"href":"https:\/\/www.natation.asp86.fr\/index.php\/wp-json\/wp\/v2\/users\/1"}],"replies":[{"embeddable":true,"href":"https:\/\/www.natation.asp86.fr\/index.php\/wp-json\/wp\/v2\/comments?post=590"}],"version-history":[{"count":20,"href":"https:\/\/www.natation.asp86.fr\/index.php\/wp-json\/wp\/v2\/pages\/590\/revisions"}],"predecessor-version":[{"id":1957,"href":"https:\/\/www.natation.asp86.fr\/index.php\/wp-json\/wp\/v2\/pages\/590\/revisions\/1957"}],"up":[{"embeddable":true,"href":"https:\/\/www.natation.asp86.fr\/index.php\/wp-json\/wp\/v2\/pages\/26"}],"wp:attachment":[{"href":"https:\/\/www.natation.asp86.fr\/index.php\/wp-json\/wp\/v2\/media?parent=590"}],"curies":[{"name":"wp","href":"https:\/\/api.w.org\/{rel}","templated":true}]}}