{"id":822,"date":"2024-06-04T10:36:21","date_gmt":"2024-06-04T08:36:21","guid":{"rendered":"https:\/\/www.natation.asp86.fr\/?page_id=822"},"modified":"2025-06-17T18:14:15","modified_gmt":"2025-06-17T16:14:15","slug":"certificat-medical","status":"publish","type":"page","link":"https:\/\/www.natation.asp86.fr\/index.php\/inscription\/certificat-medical\/","title":{"rendered":"Certificat m\u00e9dical"},"content":{"rendered":"\t\t<div data-elementor-type=\"wp-page\" data-elementor-id=\"822\" class=\"elementor elementor-822\">\n\t\t\t\t<div class=\"elementor-element elementor-element-93877c3 e-flex e-con-boxed e-con e-parent\" data-id=\"93877c3\" data-element_type=\"container\" data-e-type=\"container\">\n\t\t\t\t\t<div class=\"e-con-inner\">\n\t\t\t\t<div class=\"elementor-element elementor-element-792439f elementor-widget elementor-widget-text-editor\" data-id=\"792439f\" data-element_type=\"widget\" data-e-type=\"widget\" data-widget_type=\"text-editor.default\">\n\t\t\t\t<div class=\"elementor-widget-container\">\n\t\t\t\t\t\t\t\t\t<ul style=\"box-sizing: border-box; border: 0px; font-size: 16px; font-style: inherit; font-weight: inherit; margin: 0px 0px 1.5em 3em; outline: 0px; padding: 0px; vertical-align: baseline; list-style: disc;\">\n<li style=\"list-style-type: none;\">\n<ul style=\"box-sizing: border-box; border: 0px; font-size: 16px; font-style: inherit; font-weight: inherit; margin: 0px 0px 1.5em 3em; outline: 0px; padding: 0px; vertical-align: baseline; list-style: disc;\">\n<li style=\"box-sizing: border-box; border: 0px; font-size: 30px; font-style: inherit; font-weight: inherit; margin: 0px; outline: 0px; padding: 0px; vertical-align: baseline; text-decoration: underline;\"><strong style=\"box-sizing: border-box; font-weight: bold;\"><em style=\"box-sizing: border-box; font-style: italic;\">Adh\u00e9rent Mineur<\/em><\/strong><\/li>\n<\/ul>\n<\/li>\n<\/ul>\t\t\t\t\t\t\t\t<\/div>\n\t\t\t\t<\/div>\n\t\t\t\t\t<\/div>\n\t\t\t\t<\/div>\n\t\t<div class=\"elementor-element elementor-element-6ac485c e-con-full e-flex e-con e-parent\" data-id=\"6ac485c\" data-element_type=\"container\" data-e-type=\"container\">\n\t\t\t\t<div class=\"elementor-element elementor-element-a745d22 elementor-widget__width-inherit elementor-widget elementor-widget-text-editor\" data-id=\"a745d22\" data-element_type=\"widget\" data-e-type=\"widget\" data-widget_type=\"text-editor.default\">\n\t\t\t\t<div class=\"elementor-widget-container\">\n\t\t\t\t\t\t\t\t\t<ul><li style=\"list-style-type: none;\"><ul><li style=\"list-style-type: none;\"><ul><li style=\"list-style-type: none;\"><ul><li style=\"list-style-type: none;\"><ul><li class=\"has-medium-font-size\"><strong>Ecole de l\u2019eau, Ecole de natation, Handi natation et Groupes comp\u00e9tition<\/strong><\/li><\/ul><\/li><\/ul><\/li><\/ul><\/li><\/ul><\/li><\/ul>\t\t\t\t\t\t\t\t<\/div>\n\t\t\t\t<\/div>\n\t\t\t\t<\/div>\n\t\t<div class=\"elementor-element elementor-element-18a995e e-flex e-con-boxed e-con e-parent\" data-id=\"18a995e\" data-element_type=\"container\" data-e-type=\"container\">\n\t\t\t\t\t<div class=\"e-con-inner\">\n\t\t\t\t<div class=\"elementor-element elementor-element-e888f97 elementor-widget elementor-widget-text-editor\" data-id=\"e888f97\" data-element_type=\"widget\" data-e-type=\"widget\" data-widget_type=\"text-editor.default\">\n\t\t\t\t<div class=\"elementor-widget-container\">\n\t\t\t\t\t\t\t\t\t<p style=\"font-size: 16px;\">Vous avez la possibilit\u00e9 de fournir une attestation sur l\u2019honneur. Il vous faut pour cela r\u00e9pondre au questionnaire ci-dessous avec votre enfant et attester avoir r\u00e9pondu NON \u00e0 toutes les questions en cochant la case sur le bulletin d&rsquo;adh\u00e9sion disponible lors de l&rsquo;inscription.<\/p><ul><li style=\"list-style-type: none;\"><ul><li style=\"list-style-type: none;\"><ul><li style=\"font-size: 16px;\"><a style=\"font-size: 16px; background-color: #ffffff;\" href=\"http:\/\/www.natation.asp86.fr\/wp-content\/uploads\/2024\/06\/Questionnaire-mineurs-CM24.pdf\" target=\"_blank\" rel=\"noopener\">Le questionnaire relatif \u00e0 l\u2019\u00e9tat de sant\u00e9 du sportif mineur<\/a><span style=\"font-size: 16px;\"> (r\u00e9pondre au questionnaire \u2013 ne pas nous le renvoyer)<\/span><\/li><\/ul><\/li><\/ul><\/li><\/ul><div>Attention, si la personne mineure a r\u00e9pondu OUI \u00e0 une ou plusieurs questions du questionnaire, il doit fournir un certificat m\u00e9dical. Consultez alors un m\u00e9decin et pr\u00e9sentez-lui le questionnaire renseign\u00e9.<\/div><div>\u00a0<\/div>\t\t\t\t\t\t\t\t<\/div>\n\t\t\t\t<\/div>\n\t\t\t\t\t<\/div>\n\t\t\t\t<\/div>\n\t\t<div class=\"elementor-element elementor-element-012ca63 e-flex e-con-boxed e-con e-parent\" data-id=\"012ca63\" data-element_type=\"container\" data-e-type=\"container\">\n\t\t\t\t\t<div class=\"e-con-inner\">\n\t\t\t\t<div class=\"elementor-element elementor-element-de2bf87 elementor-widget-divider--view-line elementor-widget elementor-widget-divider\" data-id=\"de2bf87\" data-element_type=\"widget\" data-e-type=\"widget\" data-widget_type=\"divider.default\">\n\t\t\t\t<div class=\"elementor-widget-container\">\n\t\t\t\t\t\t\t<div class=\"elementor-divider\">\n\t\t\t<span class=\"elementor-divider-separator\">\n\t\t\t\t\t\t<\/span>\n\t\t<\/div>\n\t\t\t\t\t\t<\/div>\n\t\t\t\t<\/div>\n\t\t\t\t<div class=\"elementor-element elementor-element-3ad9375 elementor-widget elementor-widget-text-editor\" data-id=\"3ad9375\" data-element_type=\"widget\" data-e-type=\"widget\" data-widget_type=\"text-editor.default\">\n\t\t\t\t<div class=\"elementor-widget-container\">\n\t\t\t\t\t\t\t\t\t<ul style=\"box-sizing: border-box; border: 0px; font-size: 16px; font-style: inherit; font-weight: inherit; margin: 0px 0px 1.5em 3em; outline: 0px; padding: 0px; vertical-align: baseline; list-style: disc;\">\n<li style=\"list-style-type: none;\">\n<ul style=\"box-sizing: border-box; border: 0px; font-size: 16px; font-style: inherit; font-weight: inherit; margin: 0px 0px 1.5em 3em; outline: 0px; padding: 0px; vertical-align: baseline; list-style: disc;\">\n<li style=\"font-size: 30px; text-decoration-line: underline;\"><strong><em>Adh\u00e9rent Majeur<\/em><\/strong><\/li>\n<\/ul>\n<\/li>\n<\/ul>\t\t\t\t\t\t\t\t<\/div>\n\t\t\t\t<\/div>\n\t\t\t\t\t<\/div>\n\t\t\t\t<\/div>\n\t\t<div class=\"elementor-element elementor-element-951b3aa e-con-full e-flex e-con e-parent\" data-id=\"951b3aa\" data-element_type=\"container\" data-e-type=\"container\">\n\t\t\t\t<div class=\"elementor-element elementor-element-1544ab6 elementor-widget elementor-widget-text-editor\" data-id=\"1544ab6\" data-element_type=\"widget\" data-e-type=\"widget\" data-widget_type=\"text-editor.default\">\n\t\t\t\t<div class=\"elementor-widget-container\">\n\t\t\t\t\t\t\t\t\t<ul><li style=\"list-style-type: none;\"><ul><li style=\"list-style-type: none;\"><ul><li style=\"list-style-type: none;\"><ul style=\"box-sizing: border-box; border: 0px; font-size: 16px; font-style: normal; font-weight: 400; margin: 0px 0px 1.5em 3em; outline: 0px; padding: 0px; vertical-align: baseline; list-style: disc; color: #000000; font-family: Roboto, sans-serif; font-variant-ligatures: normal; font-variant-caps: normal; letter-spacing: normal; orphans: 2; text-align: start; text-indent: 0px; text-transform: none; widows: 2; word-spacing: 0px; -webkit-text-stroke-width: 0px; white-space: normal; background-color: #ffffff; text-decoration-thickness: initial; text-decoration-style: initial; text-decoration-color: initial;\"><li class=\"has-medium-font-size\" style=\"box-sizing: border-box; border: 0px; font-size: var(--wp--preset--font-size--medium) !important; font-style: inherit; font-weight: inherit; margin: 0px; outline: 0px; padding: 0px; vertical-align: baseline;\"><strong style=\"box-sizing: border-box; font-weight: bold;\">Groupes loisirs (Aquagym, Aquaphobie, Handi natation et Natation Adultes)<\/strong><\/li><\/ul><\/li><\/ul><\/li><\/ul><\/li><\/ul>\t\t\t\t\t\t\t\t<\/div>\n\t\t\t\t<\/div>\n\t\t\t\t<\/div>\n\t\t<div class=\"elementor-element elementor-element-f419d48 e-flex e-con-boxed e-con e-parent\" data-id=\"f419d48\" data-element_type=\"container\" data-e-type=\"container\">\n\t\t\t\t\t<div class=\"e-con-inner\">\n\t\t\t\t<div class=\"elementor-element elementor-element-869969c elementor-widget elementor-widget-text-editor\" data-id=\"869969c\" data-element_type=\"widget\" data-e-type=\"widget\" data-widget_type=\"text-editor.default\">\n\t\t\t\t<div class=\"elementor-widget-container\">\n\t\t\t\t\t\t\t\t\t<p style=\"box-sizing: border-box; border: 0px; font-size: 16px; font-style: inherit; font-weight: inherit; margin: 0px 0px 1.75em; outline: 0px; padding: 0px; vertical-align: baseline;\">Pour une nouvelle inscription ou un renouvellement, il n\u2019est pas obligatoire de fournir de document (ni certificat m\u00e9dical, ni attestation sur l\u2019honneur).<\/p>\t\t\t\t\t\t\t\t<\/div>\n\t\t\t\t<\/div>\n\t\t\t\t\t<\/div>\n\t\t\t\t<\/div>\n\t\t<div class=\"elementor-element elementor-element-3f97539 e-flex e-con-boxed e-con e-parent\" data-id=\"3f97539\" data-element_type=\"container\" data-e-type=\"container\">\n\t\t\t\t\t<div class=\"e-con-inner\">\n\t\t\t\t<div class=\"elementor-element elementor-element-9272121 elementor-widget elementor-widget-text-editor\" data-id=\"9272121\" data-element_type=\"widget\" data-e-type=\"widget\" data-widget_type=\"text-editor.default\">\n\t\t\t\t<div class=\"elementor-widget-container\">\n\t\t\t\t\t\t\t\t\t<ul>\n<li style=\"list-style-type: none;\">\n<ul>\n<li style=\"list-style-type: none;\">\n<ul>\n<li style=\"list-style-type: none;\">\n<ul style=\"box-sizing: border-box; border: 0px; font-size: 16px; font-style: inherit; font-weight: inherit; margin: 0px 0px 1.5em 3em; outline: 0px; padding: 0px; vertical-align: baseline; list-style: disc;\">\n<li class=\"has-medium-font-size\" style=\"box-sizing: border-box; border: 0px; font-size: var(--wp--preset--font-size--medium) !important; font-style: inherit; font-weight: inherit; margin: 0px; outline: 0px; padding: 0px; vertical-align: baseline;\"><strong style=\"box-sizing: border-box; font-weight: bold;\">Groupes comp\u00e9tition<\/strong><\/li>\n<\/ul>\n<\/li>\n<\/ul>\n<\/li>\n<\/ul>\n<\/li>\n<\/ul>\t\t\t\t\t\t\t\t<\/div>\n\t\t\t\t<\/div>\n\t\t\t\t\t<\/div>\n\t\t\t\t<\/div>\n\t\t<div class=\"elementor-element elementor-element-a7e919a e-flex e-con-boxed e-con e-parent\" data-id=\"a7e919a\" data-element_type=\"container\" data-e-type=\"container\">\n\t\t\t\t\t<div class=\"e-con-inner\">\n\t\t\t\t<div class=\"elementor-element elementor-element-4f06c03 elementor-widget elementor-widget-text-editor\" data-id=\"4f06c03\" data-element_type=\"widget\" data-e-type=\"widget\" data-widget_type=\"text-editor.default\">\n\t\t\t\t<div class=\"elementor-widget-container\">\n\t\t\t\t\t\t\t\t\t<ul>\n<li style=\"list-style-type: none;\">\n<ul>\n<li style=\"list-style-type: none;\">\n<ul>\n<li style=\"list-style-type: none;\">\n<ul>\n<li style=\"list-style-type: none;\">\n<ul style=\"box-sizing: border-box; border: 0px; font-size: 16px; font-style: normal; font-weight: 400; margin: 0px 0px 1.5em 3em; outline: 0px; padding: 0px; vertical-align: baseline; list-style: disc; color: #000000; font-family: Roboto, sans-serif; font-variant-ligatures: normal; font-variant-caps: normal; letter-spacing: normal; orphans: 2; text-align: start; text-indent: 0px; text-transform: none; widows: 2; word-spacing: 0px; -webkit-text-stroke-width: 0px; white-space: normal; background-color: #ffffff; text-decoration-thickness: initial; text-decoration-style: initial; text-decoration-color: initial;\">\n<li style=\"box-sizing: border-box; border: 0px; font-size: 16px; font-style: inherit; font-weight: inherit; margin: 0px; outline: 0px; padding: 0px; vertical-align: baseline;\"><strong style=\"box-sizing: border-box; font-weight: bold;\">Renouvellement<\/strong>\u00a0(sans interruption) :<\/li>\n<\/ul>\n<\/li>\n<\/ul>\n<\/li>\n<\/ul>\n<\/li>\n<\/ul>\n<\/li>\n<\/ul>\t\t\t\t\t\t\t\t<\/div>\n\t\t\t\t<\/div>\n\t\t\t\t\t<\/div>\n\t\t\t\t<\/div>\n\t\t<div class=\"elementor-element elementor-element-7f18ed4 e-flex e-con-boxed e-con e-parent\" data-id=\"7f18ed4\" data-element_type=\"container\" data-e-type=\"container\">\n\t\t\t\t\t<div class=\"e-con-inner\">\n\t\t\t\t<div class=\"elementor-element elementor-element-504f677 elementor-widget elementor-widget-text-editor\" data-id=\"504f677\" data-element_type=\"widget\" data-e-type=\"widget\" data-widget_type=\"text-editor.default\">\n\t\t\t\t<div class=\"elementor-widget-container\">\n\t\t\t\t\t\t\t\t\t<p style=\"font-size: 16px;\">Attestation \u00e0 fournir :<\/p>\n<ul style=\"box-sizing: border-box; border: 0px; font-size: 16px; font-style: inherit; font-weight: inherit; margin: 0px 0px 1.5em 3em; outline: 0px; padding: 0px; vertical-align: baseline; list-style: disc;\">\n<li style=\"list-style-type: none;\">\n<ul style=\"box-sizing: border-box; border: 0px; font-size: 16px; font-style: inherit; font-weight: inherit; margin: 0px 0px 1.5em 3em; outline: 0px; padding: 0px; vertical-align: baseline; list-style: disc;\">\n<li style=\"box-sizing: border-box; border: 0px; font-size: 16px; font-style: inherit; font-weight: inherit; margin: 0px; outline: 0px; padding: 0px; vertical-align: baseline;\"><a style=\"box-sizing: border-box; background-color: transparent; text-decoration: none; color: var(--ast-global-color-0); transition: all 0.2s linear 0s; box-shadow: none;\" href=\"http:\/\/www.natation.asp86.fr\/wp-content\/uploads\/2024\/06\/QS-cerfa_15699-01.pdf\" target=\"_blank\" rel=\"noopener\">Le questionnaire relatif \u00e0 l\u2019\u00e9tat de sant\u00e9 du sportif majeur<\/a>&nbsp;(r\u00e9pondre au questionnaire \u2013 ne pas nous le renvoyer)<\/li>\n<\/ul>\n<\/li>\n<\/ul>\n<div><p>Si vous avez r\u00e9pondu NON \u00e0 toutes les questions, merci de cocher la case correspondante sur le bulletin d&rsquo;adh\u00e9sion.<\/p><div>Attention, si vous avez r\u00e9pondu OUI \u00e0 une ou plusieurs questions du questionnaire, il doit fournir un certificat m\u00e9dical. Consultez alors un m\u00e9decin et pr\u00e9sentez-lui le questionnaire renseign\u00e9.<\/div><div><br><\/div>\n<\/div>\t\t\t\t\t\t\t\t<\/div>\n\t\t\t\t<\/div>\n\t\t\t\t\t<\/div>\n\t\t\t\t<\/div>\n\t\t<div class=\"elementor-element elementor-element-9d234b8 e-flex e-con-boxed e-con e-parent\" data-id=\"9d234b8\" data-element_type=\"container\" data-e-type=\"container\">\n\t\t\t\t\t<div class=\"e-con-inner\">\n\t\t\t\t<div class=\"elementor-element elementor-element-1f9f051 elementor-widget elementor-widget-text-editor\" data-id=\"1f9f051\" data-element_type=\"widget\" data-e-type=\"widget\" data-widget_type=\"text-editor.default\">\n\t\t\t\t<div class=\"elementor-widget-container\">\n\t\t\t\t\t\t\t\t\t<ul>\n<li style=\"list-style-type: none;\">\n<ul>\n<li style=\"list-style-type: none;\">\n<ul>\n<li style=\"list-style-type: none;\">\n<ul>\n<li style=\"list-style-type: none;\">\n<ul style=\"box-sizing: border-box; border: 0px; font-size: 16px; font-style: normal; font-weight: 400; margin: 0px 0px 1.5em 3em; outline: 0px; padding: 0px; vertical-align: baseline; list-style: disc; color: #000000; font-family: Roboto, sans-serif; font-variant-ligatures: normal; font-variant-caps: normal; letter-spacing: normal; orphans: 2; text-align: start; text-indent: 0px; text-transform: none; widows: 2; word-spacing: 0px; -webkit-text-stroke-width: 0px; white-space: normal; background-color: #ffffff; text-decoration-thickness: initial; text-decoration-style: initial; text-decoration-color: initial;\">\n<li style=\"box-sizing: border-box; border: 0px; font-size: 16px; font-style: inherit; font-weight: inherit; margin: 0px; outline: 0px; padding: 0px; vertical-align: baseline;\"><strong style=\"box-sizing: border-box; font-weight: bold;\">Nouvelle adh\u00e9sion<\/strong>\u00a0:<\/li>\n<\/ul>\n<\/li>\n<\/ul>\n<\/li>\n<\/ul>\n<\/li>\n<\/ul>\n<\/li>\n<\/ul>\t\t\t\t\t\t\t\t<\/div>\n\t\t\t\t<\/div>\n\t\t\t\t\t<\/div>\n\t\t\t\t<\/div>\n\t\t<div class=\"elementor-element elementor-element-b8851e4 e-flex e-con-boxed e-con e-parent\" data-id=\"b8851e4\" data-element_type=\"container\" data-e-type=\"container\">\n\t\t\t\t\t<div class=\"e-con-inner\">\n\t\t\t\t<div class=\"elementor-element elementor-element-62da3cb elementor-widget elementor-widget-text-editor\" data-id=\"62da3cb\" data-element_type=\"widget\" data-e-type=\"widget\" data-widget_type=\"text-editor.default\">\n\t\t\t\t<div class=\"elementor-widget-container\">\n\t\t\t\t\t\t\t\t\t<p style=\"box-sizing: border-box; border: 0px; font-size: 16px; font-style: inherit; font-weight: inherit; margin: 0px 0px 1.75em; outline: 0px; padding: 0px; vertical-align: baseline;\">Merci de fournir un certificat m\u00e9dical de non contre indication \u00e0 la pratique de la natation en comp\u00e9tition.\u00a0<\/p>\t\t\t\t\t\t\t\t<\/div>\n\t\t\t\t<\/div>\n\t\t\t\t\t<\/div>\n\t\t\t\t<\/div>\n\t\t<div class=\"elementor-element elementor-element-0041f60 e-flex e-con-boxed e-con e-parent\" data-id=\"0041f60\" data-element_type=\"container\" data-e-type=\"container\">\n\t\t\t\t\t<div class=\"e-con-inner\">\n\t\t\t\t<div class=\"elementor-element elementor-element-600d268 elementor-widget elementor-widget-spacer\" data-id=\"600d268\" data-element_type=\"widget\" data-e-type=\"widget\" data-widget_type=\"spacer.default\">\n\t\t\t\t<div class=\"elementor-widget-container\">\n\t\t\t\t\t\t\t<div class=\"elementor-spacer\">\n\t\t\t<div class=\"elementor-spacer-inner\"><\/div>\n\t\t<\/div>\n\t\t\t\t\t\t<\/div>\n\t\t\t\t<\/div>\n\t\t\t\t\t<\/div>\n\t\t\t\t<\/div>\n\t\t\t\t<\/div>\n\t\t","protected":false},"excerpt":{"rendered":"<p>Adh\u00e9rent Mineur Ecole de l\u2019eau, Ecole de natation, Handi natation et Groupes comp\u00e9tition Vous avez la possibilit\u00e9 de fournir une [&hellip;]<\/p>\n","protected":false},"author":1,"featured_media":0,"parent":84,"menu_order":2,"comment_status":"closed","ping_status":"closed","template":"","meta":{"site-sidebar-layout":"default","site-content-layout":"","ast-site-content-layout":"","site-content-style":"default","site-sidebar-style":"default","ast-global-header-display":"","ast-banner-title-visibility":"","ast-main-header-display":"","ast-hfb-above-header-display":"","ast-hfb-below-header-display":"","ast-hfb-mobile-header-display":"","site-post-title":"disabled","ast-breadcrumbs-content":"","ast-featured-img":"","footer-sml-layout":"","theme-transparent-header-meta":"","adv-header-id-meta":"","stick-header-meta":"","header-above-stick-meta":"","header-main-stick-meta":"","header-below-stick-meta":"","astra-migrate-meta-layouts":"default","ast-page-background-enabled":"default","ast-page-background-meta":{"desktop":{"background-color":"var(--ast-global-color-4)","background-image":"","background-repeat":"repeat","background-position":"center center","background-size":"auto","background-attachment":"scroll","background-type":"","background-media":"","overlay-type":"","overlay-color":"","overlay-gradient":""},"tablet":{"background-color":"","background-image":"","background-repeat":"repeat","background-position":"center center","background-size":"auto","background-attachment":"scroll","background-type":"","background-media":"","overlay-type":"","overlay-color":"","overlay-gradient":""},"mobile":{"background-color":"","background-image":"","background-repeat":"repeat","background-position":"center center","background-size":"auto","background-attachment":"scroll","background-type":"","background-media":"","overlay-type":"","overlay-color":"","overlay-gradient":""}},"ast-content-background-meta":{"desktop":{"background-color":"var(--ast-global-color-5)","background-image":"","background-repeat":"repeat","background-position":"center center","background-size":"auto","background-attachment":"scroll","background-type":"","background-media":"","overlay-type":"","overlay-color":"","overlay-gradient":""},"tablet":{"background-color":"var(--ast-global-color-5)","background-image":"","background-repeat":"repeat","background-position":"center center","background-size":"auto","background-attachment":"scroll","background-type":"","background-media":"","overlay-type":"","overlay-color":"","overlay-gradient":""},"mobile":{"background-color":"var(--ast-global-color-5)","background-image":"","background-repeat":"repeat","background-position":"center center","background-size":"auto","background-attachment":"scroll","background-type":"","background-media":"","overlay-type":"","overlay-color":"","overlay-gradient":""}},"footnotes":""},"class_list":["post-822","page","type-page","status-publish","hentry"],"_links":{"self":[{"href":"https:\/\/www.natation.asp86.fr\/index.php\/wp-json\/wp\/v2\/pages\/822","targetHints":{"allow":["GET"]}}],"collection":[{"href":"https:\/\/www.natation.asp86.fr\/index.php\/wp-json\/wp\/v2\/pages"}],"about":[{"href":"https:\/\/www.natation.asp86.fr\/index.php\/wp-json\/wp\/v2\/types\/page"}],"author":[{"embeddable":true,"href":"https:\/\/www.natation.asp86.fr\/index.php\/wp-json\/wp\/v2\/users\/1"}],"replies":[{"embeddable":true,"href":"https:\/\/www.natation.asp86.fr\/index.php\/wp-json\/wp\/v2\/comments?post=822"}],"version-history":[{"count":152,"href":"https:\/\/www.natation.asp86.fr\/index.php\/wp-json\/wp\/v2\/pages\/822\/revisions"}],"predecessor-version":[{"id":1752,"href":"https:\/\/www.natation.asp86.fr\/index.php\/wp-json\/wp\/v2\/pages\/822\/revisions\/1752"}],"up":[{"embeddable":true,"href":"https:\/\/www.natation.asp86.fr\/index.php\/wp-json\/wp\/v2\/pages\/84"}],"wp:attachment":[{"href":"https:\/\/www.natation.asp86.fr\/index.php\/wp-json\/wp\/v2\/media?parent=822"}],"curies":[{"name":"wp","href":"https:\/\/api.w.org\/{rel}","templated":true}]}}